{"id":9,"date":"2019-07-10T13:04:23","date_gmt":"2019-07-10T13:04:23","guid":{"rendered":"https:\/\/www.mouwmaalderij.nl\/de\/?page_id=9"},"modified":"2021-05-26T16:44:00","modified_gmt":"2021-05-26T14:44:00","slug":"unsere-leistungen","status":"publish","type":"page","link":"https:\/\/www.mouwmaalderij.nl\/de\/unsere-leistungen\/","title":{"rendered":"Unsere Leistungen"},"content":{"rendered":"\n<div class=\"wp-block-columns has-2-columns is-style-twocolumnsgridlayout is-layout-flex wp-container-core-columns-is-layout-9d6595d7 wp-block-columns-is-layout-flex\">\n<div class=\"wp-block-column is-layout-flow wp-block-column-is-layout-flow\">\n<p><\/p>\n\n\n\n<p>Mouw Maalderij ist Ihr Partner f\u00fcr die komplette Be- und Verarbeitung sowie die Lagerung Ihrer Kr\u00e4uter und Gew\u00fcrze. An unserem Produktionsstandort im niederl\u00e4ndischen Harderwijk erledigen wir s\u00e4mtliche Prozessschritte: von der Reinigung \u00fcber die W\u00e4rmebehandlung bis zum Granulieren, Mahlen, Mischen und Sieben. Das alles nat\u00fcrlich ganz nach Ihren W\u00fcnschen, den geltenden Qualit\u00e4tsstandards und im Einklang mit den einschl\u00e4gigen Rechtsvorschriften. In unserem gut 4000 m<sup>2<\/sup>&nbsp;umfassenden Lager k\u00f6nnen Ihre Produkte au\u00dferdem kurz- oder l\u00e4ngerfristig gelagert werden.<\/p>\n\n\n\n<p><\/p>\n\n\n\n<h2 class=\"wp-block-heading\">Spezialisierung und Innovation<\/h2>\n\n\n\n<p>Wir konzentrieren und vor allem auf Gew\u00fcrze wie Pfeffer, Muskatnuss, Zimt, Piment, Kardamom, Macis und Ingwer. Bei den Kr\u00e4utern arbeiten wir h\u00e4ufig mit Koriander und Oregano. Auf Anfrage k\u00f6nnen nat\u00fcrlich auch andere (Bio-)Produkte problemlos in unseren Produktionsprozess integriert werden. Gemeinsam mit Ihnen entwickeln wir gerne L\u00f6sungen f\u00fcr zus\u00e4tzliche Leistungen, etwa die Entwicklung von Rezepturen, Verpackungsgr\u00f6\u00dfen und Farbgestaltungen.<\/p>\n\n\n\n<h2 class=\"wp-block-heading\">Nachhaltig und flexibel<\/h2>\n\n\n\n<p>Erstklassige Produkte erfordern eine optimale Behandlung. Mouw Maalderij unterscheidet sich von anderen durch den relativ hohen Wert, den wir aus den Produkten holen. Erreicht wird das mit unseren selbst entwickelten Maschinen, kurzen Wegen und einem flexiblen Ansatz. Das Ergebnis: weniger Qualit\u00e4tsverluste und weniger Ausfall. Unsere Maschinenlinien sind so flexibel, dass sich die einzelnen Bearbeitungsschritte separat oder auch kombiniert durchf\u00fchren lassen.<\/p>\n\n\n\n<h2 class=\"wp-block-heading\">Verpackung, Transport und Lagerung<\/h2>\n\n\n\n<p>Auch bei der Verpackung und der bearbeiteten Produkte k\u00fcmmern wir uns um alles. Sogar ein Umpacken von gro\u00dfen oder kleinen Chargen in andere Verpackungsgr\u00f6\u00dfen ist m\u00f6glich. F\u00fcr den Transport k\u00f6nnen wir auf eigene Ressourcen zur\u00fcckgreifen, die verschiedene M\u00f6glichkeiten er\u00f6ffnen. In unserem gut 4000 m<sup>2<\/sup>&nbsp;umfassenden Lager k\u00f6nnen Ihre Produkte au\u00dferdem kurz- oder l\u00e4ngerfristig gelagert werden.<\/p>\n<\/div>\n\n\n\n<div class=\"wp-block-column is-layout-flow wp-block-column-is-layout-flow\">\n<div class=\"wp-block-kwoot-gutenbergblocks-container bgcolor-76bb22 hasbgcolor\"><div class=\"inner\">\n<figure class=\"wp-block-image size-large\"><img decoding=\"async\" width=\"1024\" height=\"1003\" src=\"https:\/\/www.mouwmaalderij.nl\/de\/wp-content\/uploads\/2019\/12\/Opslag-gereed-product-scaled-e1575373836481-1024x1003.jpg\" alt=\"\" class=\"wp-image-305\" srcset=\"https:\/\/www.mouwmaalderij.nl\/\/wp-content\/uploads\/sites\/4\/2019\/12\/Opslag-gereed-product-scaled-e1575373836481-1024x1003.jpg 1024w, https:\/\/www.mouwmaalderij.nl\/\/wp-content\/uploads\/sites\/4\/2019\/12\/Opslag-gereed-product-scaled-e1575373836481-300x294.jpg 300w, https:\/\/www.mouwmaalderij.nl\/\/wp-content\/uploads\/sites\/4\/2019\/12\/Opslag-gereed-product-scaled-e1575373836481-768x752.jpg 768w, https:\/\/www.mouwmaalderij.nl\/\/wp-content\/uploads\/sites\/4\/2019\/12\/Opslag-gereed-product-scaled-e1575373836481-1536x1505.jpg 1536w, https:\/\/www.mouwmaalderij.nl\/\/wp-content\/uploads\/sites\/4\/2019\/12\/Opslag-gereed-product-scaled-e1575373836481.jpg 1920w\" sizes=\"(max-width: 1024px) 100vw, 1024px\" \/><\/figure>\n\n\n\n<h2 class=\"wp-block-heading\">Die Vorteile von Mouw Maalderij im \u00dcberblick<\/h2>\n\n\n\t<ul class=\"checklist\">\n\t\t\t\t\t<li class=\"checklistoption\">\n\t\t\t\t<h3 class=\"checklistoption__title\">Fachkompetenz <\/h3>\n\t\t\t\t<div class=\"checklistoption__description\">f\u00fchlen, sehen und riechen<\/div>\n\t\t\t<\/li>\n\t\t\t\t\t<li class=\"checklistoption\">\n\t\t\t\t<h3 class=\"checklistoption__title\">flexible Kapazit\u00e4t<\/h3>\n\t\t\t\t<div class=\"checklistoption__description\">alles f\u00fcr den Kunden<\/div>\n\t\t\t<\/li>\n\t\t\t\t\t<li class=\"checklistoption\">\n\t\t\t\t<h3 class=\"checklistoption__title\">zertifiziert <\/h3>\n\t\t\t\t<div class=\"checklistoption__description\">verantwortungsbewusst und sicher<\/div>\n\t\t\t<\/li>\n\t\t\t\t\t<li class=\"checklistoption\">\n\t\t\t\t<h3 class=\"checklistoption__title\">komplettservice<\/h3>\n\t\t\t\t<div class=\"checklistoption__description\">bearbeitung, verpackung, transport und lagerung<\/div>\n\t\t\t<\/li>\n\t\t\t<\/ul>\n<\/div><div class=\"container__background\" style=\"background-color:#76bb22;opacity:1\"><\/div><\/div>\n<\/div>\n<\/div>\n\n\n\n<div class=\"wp-block-columns has-2-columns is-style-twocolumnsgridlayout is-layout-flex wp-container-core-columns-is-layout-9d6595d7 wp-block-columns-is-layout-flex\">\n<div class=\"wp-block-column is-layout-flow wp-block-column-is-layout-flow\">\t<div class=\"services\">\n\t\t<h2 class=\"service__title\">Unser Core Business<\/h2>\n\t\t\t\t\t<div class=\"service\">\n\t\t\t\t\t\t\t\t<div class=\"service__image\" style=\"background-image: url('https:\/\/www.mouwmaalderij.nl\/\/wp-content\/uploads\/sites\/4\/2020\/01\/MG_0760-500x0-c-default.png');\"><\/div>\n\t\t\t\t\t\t\t\t<h3 class=\"service__name\">Reinigen<\/h3>\n\t\t\t\t<div class=\"service__description\">Mithilfe moderner Technologie entfernen wir s\u00e4mtliche R\u00fcckst\u00e4nde aus dem Produkt, z. B. Steine, Holz und Metall.<\/div>\n\t\t\t<\/div>\n\t\t\t\t\t<div class=\"service\">\n\t\t\t\t\t\t\t\t<div class=\"service__image\" style=\"background-image: url('https:\/\/www.mouwmaalderij.nl\/\/wp-content\/uploads\/sites\/4\/2020\/01\/MG_0765-organig-white-pepper-500x0-c-default.png');\"><\/div>\n\t\t\t\t\t\t\t\t<h3 class=\"service__name\">Sterilisieren<\/h3>\n\t\t\t\t<div class=\"service__description\">Mit unserer W\u00e4rmebehandlungslinie erreichen wir, dass die Grenzwerte f\u00fcr die mikrobiologische Belastung eingehalten werden und so eine hohe Produktqualit\u00e4t gew\u00e4hrleistet ist.<\/div>\n\t\t\t<\/div>\n\t\t\t\t\t<div class=\"service\">\n\t\t\t\t\t\t\t\t<div class=\"service__image\" style=\"background-image: url('https:\/\/www.mouwmaalderij.nl\/\/wp-content\/uploads\/sites\/4\/2020\/01\/MG_0773-500x0-c-default.png');\"><\/div>\n\t\t\t\t\t\t\t\t<h3 class=\"service__name\">Granulieren &#038; Mahlen<\/h3>\n\t\t\t\t<div class=\"service__description\">In den verschiedenen Verarbeitungslinien und M\u00fchlen k\u00f6nnen s\u00e4mtliche Kr\u00e4uter und Gew\u00fcrze auf die gew\u00fcnschte Gr\u00f6\u00dfe zerkleinert, selektiert und standardisiert werden.<\/div>\n\t\t\t<\/div>\n\t\t\t\t\t<div class=\"service\">\n\t\t\t\t\t\t\t\t<div class=\"service__image\" style=\"background-image: url('https:\/\/www.mouwmaalderij.nl\/\/wp-content\/uploads\/sites\/4\/2020\/01\/MG_0781Ground-Cinnamon-25-kg-500x0-c-default.png');\"><\/div>\n\t\t\t\t\t\t\t\t<h3 class=\"service__name\">Sieben<\/h3>\n\t\t\t\t<div class=\"service__description\">Gemahlene Produkte werden in unserer Sieblinie zu Pulver verfeinert &#8211; ganz nach den Vorgaben der Kunden.<\/div>\n\t\t\t<\/div>\n\t\t\t\t\t<div class=\"service\">\n\t\t\t\t\t\t\t\t<div class=\"service__image\" style=\"background-image: url('https:\/\/www.mouwmaalderij.nl\/\/wp-content\/uploads\/sites\/4\/2020\/01\/MG_0784Spicedesk-Friedrich-black-pepper-500x0-c-default.png');\"><\/div>\n\t\t\t\t\t\t\t\t<h3 class=\"service__name\">Misschen<\/h3>\n\t\t\t\t<div class=\"service__description\">Auf der Grundlage unterschiedlicher Chargen realisieren wir konstant Produkte mit einem H\u00f6chstma\u00df an Homogenit\u00e4t bei Geschmack, Farbe und Grobheit. <\/div>\n\t\t\t<\/div>\n\t\t\t\t\t<div class=\"service\">\n\t\t\t\t\t\t\t\t<div class=\"service__image\" style=\"background-image: url('https:\/\/www.mouwmaalderij.nl\/\/wp-content\/uploads\/sites\/4\/2020\/01\/MG_0790-nutmeg-ground-500x0-c-default.png');\"><\/div>\n\t\t\t\t\t\t\t\t<h3 class=\"service__name\">Mixen<\/h3>\n\t\t\t\t<div class=\"service__description\">F\u00fcr Ihre Rezepturen k\u00f6nnen unterschiedliche Produkte kombiniert werden.<\/div>\n\t\t\t<\/div>\n\t\t\t<\/div>\n<\/div>\n\n\n\n<div class=\"wp-block-column is-layout-flow wp-block-column-is-layout-flow\">\n<div class=\"wp-block-kwoot-gutenbergblocks-container bgcolor-76bb22 hasbgcolor\"><div class=\"inner\">\n<figure class=\"wp-block-image size-large\"><img decoding=\"async\" width=\"954\" height=\"1024\" src=\"https:\/\/www.mouwmaalderij.nl\/de\/wp-content\/uploads\/2019\/12\/sterilisator-cropped-954x1024.jpg\" alt=\"\" class=\"wp-image-367\" srcset=\"https:\/\/www.mouwmaalderij.nl\/\/wp-content\/uploads\/sites\/4\/2019\/12\/sterilisator-cropped-954x1024.jpg 954w, https:\/\/www.mouwmaalderij.nl\/\/wp-content\/uploads\/sites\/4\/2019\/12\/sterilisator-cropped-279x300.jpg 279w, https:\/\/www.mouwmaalderij.nl\/\/wp-content\/uploads\/sites\/4\/2019\/12\/sterilisator-cropped-768x824.jpg 768w, https:\/\/www.mouwmaalderij.nl\/\/wp-content\/uploads\/sites\/4\/2019\/12\/sterilisator-cropped-1431x1536.jpg 1431w, https:\/\/www.mouwmaalderij.nl\/\/wp-content\/uploads\/sites\/4\/2019\/12\/sterilisator-cropped-1908x2048.jpg 1908w\" sizes=\"(max-width: 954px) 100vw, 954px\" \/><\/figure>\n\n\n\n<h2 class=\"wp-block-heading\">Interessieren Sie sich f\u00fcr unsere Leistungen?<\/h2>\n\n\n\n<p>Wir unterst\u00fctzen Sie mit Service nach Ma\u00df. Gern beantworten wir Ihre Fragen zu Bearbeitung, Verpackung, Lagerung und Transport.<\/p>\n\n\n\n<div class=\"wp-block-button\"><a class=\"wp-block-button__link\" href=\"https:\/\/www.mouwmaalderij.nl\/de\/kontakt\/\">Kontaktieren Sie uns<\/a><\/div>\n<\/div><div class=\"container__background\" style=\"background-color:#76bb22;opacity:1\"><\/div><\/div>\n<\/div>\n<\/div>\n","protected":false},"excerpt":{"rendered":"<p>Mouw Maalderij ist Ihr Partner f\u00fcr die komplette Be- und Verarbeitung sowie die Lagerung Ihrer Kr\u00e4uter und Gew\u00fcrze. An unserem Produktionsstandort im niederl\u00e4ndischen Harderwijk erledigen wir s\u00e4mtliche Prozessschritte: von der Reinigung \u00fcber die W\u00e4rmebehandlung bis zum Granulieren, Mahlen, Mischen und Sieben. Das alles nat\u00fcrlich ganz nach Ihren W\u00fcnschen, den geltenden Qualit\u00e4tsstandards und im Einklang mit [&hellip;]<\/p>\n","protected":false},"author":1,"featured_media":0,"parent":0,"menu_order":0,"comment_status":"closed","ping_status":"closed","template":"","meta":{"_acf_changed":false,"footnotes":""},"class_list":["post-9","page","type-page","status-publish","hentry"],"acf":[],"yoast_head":"<!-- This site is optimized with the Yoast SEO plugin v27.4 - https:\/\/yoast.com\/product\/yoast-seo-wordpress\/ -->\n<title>Unsere Leistungen - Mouw Maalderij (DE)<\/title>\n<meta name=\"robots\" content=\"index, follow, max-snippet:-1, max-image-preview:large, max-video-preview:-1\" \/>\n<link rel=\"canonical\" href=\"https:\/\/www.mouwmaalderij.nl\/de\/unsere-leistungen\/\" \/>\n<meta property=\"og:locale\" content=\"de_DE\" \/>\n<meta property=\"og:type\" content=\"article\" \/>\n<meta property=\"og:title\" content=\"Unsere Leistungen - Mouw Maalderij (DE)\" \/>\n<meta property=\"og:description\" content=\"Mouw Maalderij ist Ihr Partner f\u00fcr die komplette Be- und Verarbeitung sowie die Lagerung Ihrer Kr\u00e4uter und Gew\u00fcrze. An unserem Produktionsstandort im niederl\u00e4ndischen Harderwijk erledigen wir s\u00e4mtliche Prozessschritte: von der Reinigung \u00fcber die W\u00e4rmebehandlung bis zum Granulieren, Mahlen, Mischen und Sieben. Das alles nat\u00fcrlich ganz nach Ihren W\u00fcnschen, den geltenden Qualit\u00e4tsstandards und im Einklang mit [&hellip;]\" \/>\n<meta property=\"og:url\" content=\"https:\/\/www.mouwmaalderij.nl\/de\/unsere-leistungen\/\" \/>\n<meta property=\"og:site_name\" content=\"Mouw Maalderij (DE)\" \/>\n<meta property=\"article:modified_time\" content=\"2021-05-26T14:44:00+00:00\" \/>\n<meta property=\"og:image\" content=\"https:\/\/www.mouwmaalderij.nl\/de\/wp-content\/uploads\/2019\/12\/Opslag-gereed-product-scaled-e1575373836481-1024x1003.jpg\" \/>\n<meta name=\"twitter:card\" content=\"summary_large_image\" \/>\n<meta name=\"twitter:label1\" content=\"Gesch\u00e4tzte Lesezeit\" \/>\n\t<meta name=\"twitter:data1\" content=\"2\u00a0Minuten\" \/>\n<script type=\"application\/ld+json\" class=\"yoast-schema-graph\">{\"@context\":\"https:\\\/\\\/schema.org\",\"@graph\":[{\"@type\":\"WebPage\",\"@id\":\"https:\\\/\\\/www.mouwmaalderij.nl\\\/de\\\/unsere-leistungen\\\/\",\"url\":\"https:\\\/\\\/www.mouwmaalderij.nl\\\/de\\\/unsere-leistungen\\\/\",\"name\":\"Unsere Leistungen - Mouw Maalderij (DE)\",\"isPartOf\":{\"@id\":\"https:\\\/\\\/www.mouwmaalderij.nl\\\/de\\\/#website\"},\"primaryImageOfPage\":{\"@id\":\"https:\\\/\\\/www.mouwmaalderij.nl\\\/de\\\/unsere-leistungen\\\/#primaryimage\"},\"image\":{\"@id\":\"https:\\\/\\\/www.mouwmaalderij.nl\\\/de\\\/unsere-leistungen\\\/#primaryimage\"},\"thumbnailUrl\":\"https:\\\/\\\/www.mouwmaalderij.nl\\\/de\\\/wp-content\\\/uploads\\\/2019\\\/12\\\/Opslag-gereed-product-scaled-e1575373836481-1024x1003.jpg\",\"datePublished\":\"2019-07-10T13:04:23+00:00\",\"dateModified\":\"2021-05-26T14:44:00+00:00\",\"breadcrumb\":{\"@id\":\"https:\\\/\\\/www.mouwmaalderij.nl\\\/de\\\/unsere-leistungen\\\/#breadcrumb\"},\"inLanguage\":\"de\",\"potentialAction\":[{\"@type\":\"ReadAction\",\"target\":[\"https:\\\/\\\/www.mouwmaalderij.nl\\\/de\\\/unsere-leistungen\\\/\"]}]},{\"@type\":\"ImageObject\",\"inLanguage\":\"de\",\"@id\":\"https:\\\/\\\/www.mouwmaalderij.nl\\\/de\\\/unsere-leistungen\\\/#primaryimage\",\"url\":\"https:\\\/\\\/www.mouwmaalderij.nl\\\/de\\\/wp-content\\\/uploads\\\/2019\\\/12\\\/Opslag-gereed-product-scaled-e1575373836481-1024x1003.jpg\",\"contentUrl\":\"https:\\\/\\\/www.mouwmaalderij.nl\\\/de\\\/wp-content\\\/uploads\\\/2019\\\/12\\\/Opslag-gereed-product-scaled-e1575373836481-1024x1003.jpg\"},{\"@type\":\"BreadcrumbList\",\"@id\":\"https:\\\/\\\/www.mouwmaalderij.nl\\\/de\\\/unsere-leistungen\\\/#breadcrumb\",\"itemListElement\":[{\"@type\":\"ListItem\",\"position\":1,\"name\":\"Home\",\"item\":\"https:\\\/\\\/www.mouwmaalderij.nl\\\/de\\\/\"},{\"@type\":\"ListItem\",\"position\":2,\"name\":\"Unsere Leistungen\"}]},{\"@type\":\"WebSite\",\"@id\":\"https:\\\/\\\/www.mouwmaalderij.nl\\\/de\\\/#website\",\"url\":\"https:\\\/\\\/www.mouwmaalderij.nl\\\/de\\\/\",\"name\":\"Mouw Maalderij (DE)\",\"description\":\"\",\"potentialAction\":[{\"@type\":\"SearchAction\",\"target\":{\"@type\":\"EntryPoint\",\"urlTemplate\":\"https:\\\/\\\/www.mouwmaalderij.nl\\\/de\\\/?s={search_term_string}\"},\"query-input\":{\"@type\":\"PropertyValueSpecification\",\"valueRequired\":true,\"valueName\":\"search_term_string\"}}],\"inLanguage\":\"de\"}]}<\/script>\n<!-- \/ Yoast SEO plugin. -->","yoast_head_json":{"title":"Unsere Leistungen - Mouw Maalderij (DE)","robots":{"index":"index","follow":"follow","max-snippet":"max-snippet:-1","max-image-preview":"max-image-preview:large","max-video-preview":"max-video-preview:-1"},"canonical":"https:\/\/www.mouwmaalderij.nl\/de\/unsere-leistungen\/","og_locale":"de_DE","og_type":"article","og_title":"Unsere Leistungen - Mouw Maalderij (DE)","og_description":"Mouw Maalderij ist Ihr Partner f\u00fcr die komplette Be- und Verarbeitung sowie die Lagerung Ihrer Kr\u00e4uter und Gew\u00fcrze. An unserem Produktionsstandort im niederl\u00e4ndischen Harderwijk erledigen wir s\u00e4mtliche Prozessschritte: von der Reinigung \u00fcber die W\u00e4rmebehandlung bis zum Granulieren, Mahlen, Mischen und Sieben. Das alles nat\u00fcrlich ganz nach Ihren W\u00fcnschen, den geltenden Qualit\u00e4tsstandards und im Einklang mit [&hellip;]","og_url":"https:\/\/www.mouwmaalderij.nl\/de\/unsere-leistungen\/","og_site_name":"Mouw Maalderij (DE)","article_modified_time":"2021-05-26T14:44:00+00:00","og_image":[{"url":"https:\/\/www.mouwmaalderij.nl\/de\/wp-content\/uploads\/2019\/12\/Opslag-gereed-product-scaled-e1575373836481-1024x1003.jpg","type":"","width":"","height":""}],"twitter_card":"summary_large_image","twitter_misc":{"Gesch\u00e4tzte Lesezeit":"2\u00a0Minuten"},"schema":{"@context":"https:\/\/schema.org","@graph":[{"@type":"WebPage","@id":"https:\/\/www.mouwmaalderij.nl\/de\/unsere-leistungen\/","url":"https:\/\/www.mouwmaalderij.nl\/de\/unsere-leistungen\/","name":"Unsere Leistungen - Mouw Maalderij (DE)","isPartOf":{"@id":"https:\/\/www.mouwmaalderij.nl\/de\/#website"},"primaryImageOfPage":{"@id":"https:\/\/www.mouwmaalderij.nl\/de\/unsere-leistungen\/#primaryimage"},"image":{"@id":"https:\/\/www.mouwmaalderij.nl\/de\/unsere-leistungen\/#primaryimage"},"thumbnailUrl":"https:\/\/www.mouwmaalderij.nl\/de\/wp-content\/uploads\/2019\/12\/Opslag-gereed-product-scaled-e1575373836481-1024x1003.jpg","datePublished":"2019-07-10T13:04:23+00:00","dateModified":"2021-05-26T14:44:00+00:00","breadcrumb":{"@id":"https:\/\/www.mouwmaalderij.nl\/de\/unsere-leistungen\/#breadcrumb"},"inLanguage":"de","potentialAction":[{"@type":"ReadAction","target":["https:\/\/www.mouwmaalderij.nl\/de\/unsere-leistungen\/"]}]},{"@type":"ImageObject","inLanguage":"de","@id":"https:\/\/www.mouwmaalderij.nl\/de\/unsere-leistungen\/#primaryimage","url":"https:\/\/www.mouwmaalderij.nl\/de\/wp-content\/uploads\/2019\/12\/Opslag-gereed-product-scaled-e1575373836481-1024x1003.jpg","contentUrl":"https:\/\/www.mouwmaalderij.nl\/de\/wp-content\/uploads\/2019\/12\/Opslag-gereed-product-scaled-e1575373836481-1024x1003.jpg"},{"@type":"BreadcrumbList","@id":"https:\/\/www.mouwmaalderij.nl\/de\/unsere-leistungen\/#breadcrumb","itemListElement":[{"@type":"ListItem","position":1,"name":"Home","item":"https:\/\/www.mouwmaalderij.nl\/de\/"},{"@type":"ListItem","position":2,"name":"Unsere Leistungen"}]},{"@type":"WebSite","@id":"https:\/\/www.mouwmaalderij.nl\/de\/#website","url":"https:\/\/www.mouwmaalderij.nl\/de\/","name":"Mouw Maalderij (DE)","description":"","potentialAction":[{"@type":"SearchAction","target":{"@type":"EntryPoint","urlTemplate":"https:\/\/www.mouwmaalderij.nl\/de\/?s={search_term_string}"},"query-input":{"@type":"PropertyValueSpecification","valueRequired":true,"valueName":"search_term_string"}}],"inLanguage":"de"}]}},"_links":{"self":[{"href":"https:\/\/www.mouwmaalderij.nl\/de\/wp-json\/wp\/v2\/pages\/9","targetHints":{"allow":["GET"]}}],"collection":[{"href":"https:\/\/www.mouwmaalderij.nl\/de\/wp-json\/wp\/v2\/pages"}],"about":[{"href":"https:\/\/www.mouwmaalderij.nl\/de\/wp-json\/wp\/v2\/types\/page"}],"author":[{"embeddable":true,"href":"https:\/\/www.mouwmaalderij.nl\/de\/wp-json\/wp\/v2\/users\/1"}],"replies":[{"embeddable":true,"href":"https:\/\/www.mouwmaalderij.nl\/de\/wp-json\/wp\/v2\/comments?post=9"}],"version-history":[{"count":60,"href":"https:\/\/www.mouwmaalderij.nl\/de\/wp-json\/wp\/v2\/pages\/9\/revisions"}],"predecessor-version":[{"id":512,"href":"https:\/\/www.mouwmaalderij.nl\/de\/wp-json\/wp\/v2\/pages\/9\/revisions\/512"}],"wp:attachment":[{"href":"https:\/\/www.mouwmaalderij.nl\/de\/wp-json\/wp\/v2\/media?parent=9"}],"curies":[{"name":"wp","href":"https:\/\/api.w.org\/{rel}","templated":true}]}}