{"id":7,"date":"2019-07-10T13:04:05","date_gmt":"2019-07-10T13:04:05","guid":{"rendered":"https:\/\/www.mouwmaalderij.nl\/de\/?page_id=7"},"modified":"2022-11-09T15:21:03","modified_gmt":"2022-11-09T14:21:03","slug":"home","status":"publish","type":"page","link":"https:\/\/www.mouwmaalderij.nl\/de\/","title":{"rendered":"Master in spices"},"content":{"rendered":"\n<div class=\"wp-block-kwoot-gutenbergblocks-container bgcolor-005083 hasbgcolor  is-style-nopaddingbottom\"><div class=\"inner\">\n<h2 class=\"has-text-align-center wp-block-heading\">Fachkompetenz und Flexibilit\u00e4t durch \u00fcber 40 Jahre Erfahrung <\/h2>\n\n\n\n<p class=\"has-text-align-center\">Mouw Maalderij ist ein unabh\u00e4ngiges Familienunternehmen mehr als 40 Jahren Erfahrung mit der Bearbeitung von Kr\u00e4utern und Gew\u00fcrzen. Wir verf\u00fcgen \u00fcber alle erforderlichen Zertifizierungen und unterscheiden uns vor allem durch unsere Fachkompetenz und Flexibilit\u00e4t.<\/p>\n\n\n\n<div class=\"wp-block-button aligncenter\"><a class=\"wp-block-button__link wp-element-button\" href=\"https:\/\/www.mouwmaalderij.nl\/de\/ueber-uns\/\">\u00dcber uns<\/a><\/div>\n<\/div><div class=\"container__background\" style=\"background-color:#005083;opacity:1\"><\/div><\/div>\n\n\n\n<div class=\"wp-block-kwoot-gutenbergblocks-container bgcolor-ffffff hasbgcolor  is-style-imagerightnomargin\"><div class=\"inner\">\n<div class=\"wp-block-columns has-2-columns is-layout-flex wp-container-core-columns-is-layout-9d6595d7 wp-block-columns-is-layout-flex\">\n<div class=\"wp-block-column is-layout-flow wp-block-column-is-layout-flow\">\n<h2 class=\"wp-block-heading\">Lebensmittelsicherheit<\/h2>\n\n\n\n<p class=\"has-text-align-left\">Lebensmittelsicherheit und Qualit\u00e4t haben f\u00fcr Mouw Maalderij h\u00f6chste Priorit\u00e4t. Beides wird &#8211; vom Einkauf \u00fcber die Produktion und die Logistik bis zu Qualit\u00e4tskontrolle &#8211; auf unterschiedliche Weise gew\u00e4hrleistet. Unsere SKAL-Zertifizierung erlaubt es uns auch, Bio-Produkte zu bearbeiten und zu lagern. Wir sind nach dem International Featured Standard (IFS Food) sowie f\u00fcr Halal- und koschere Produkte zertifiziert.<\/p>\n\n\n\n<div class=\"wp-block-button\"><a class=\"wp-block-button__link wp-element-button\" href=\"https:\/\/www.mouwmaalderij.nl\/de\/qualitaet-lebensmittelsicherheit\/\">Lebensmittelsicherheit<\/a><\/div>\n<\/div>\n\n\n\n<div class=\"wp-block-column is-layout-flow wp-block-column-is-layout-flow\">\n<figure class=\"wp-block-image\"><img decoding=\"async\" width=\"1024\" height=\"683\" src=\"https:\/\/www.mouwmaalderij.nl\/de\/wp-content\/uploads\/2019\/11\/MOUW-5045-1024x683.jpg\" alt=\"\" class=\"wp-image-179\" srcset=\"https:\/\/www.mouwmaalderij.nl\/\/wp-content\/uploads\/sites\/4\/2019\/11\/MOUW-5045-1024x683.jpg 1024w, https:\/\/www.mouwmaalderij.nl\/\/wp-content\/uploads\/sites\/4\/2019\/11\/MOUW-5045-300x200.jpg 300w, https:\/\/www.mouwmaalderij.nl\/\/wp-content\/uploads\/sites\/4\/2019\/11\/MOUW-5045-768x512.jpg 768w\" sizes=\"(max-width: 1024px) 100vw, 1024px\" \/><\/figure>\n<\/div>\n<\/div>\n<\/div><div class=\"container__background\" style=\"background-color:#ffffff;opacity:1\"><\/div><\/div>\n\n\n\n<div class=\"wp-block-kwoot-gutenbergblocks-container bgcolor-ffffff hasbgcolor  is-style-imageleftnomargin\"><div class=\"inner\">\n<div class=\"wp-block-columns has-2-columns is-layout-flex wp-container-core-columns-is-layout-9d6595d7 wp-block-columns-is-layout-flex\">\n<div class=\"wp-block-column is-layout-flow wp-block-column-is-layout-flow\">\n<figure class=\"wp-block-video\"><video height=\"1080\" style=\"aspect-ratio: 1920 \/ 1080;\" width=\"1920\" controls poster=\"https:\/\/www.mouwmaalderij.nl\/\/wp-content\/uploads\/sites\/4\/2022\/11\/Mouw-Maalderij_Dutch_Highres_FullHD_poster.min_.jpg\" src=\"https:\/\/www.mouwmaalderij.nl\/\/wp-content\/uploads\/sites\/4\/2022\/11\/Mouw-Maalderij_ENG_Highres_FullHD_web.mp4\"><\/video><\/figure>\n<\/div>\n\n\n\n<div class=\"wp-block-column is-layout-flow wp-block-column-is-layout-flow\">\n<h2 class=\"wp-block-heading\">Willkommen zu Mouw Maalderij!<\/h2>\n\n\n\n<p>Sehen Sie sich das Video f\u00fcr eine virtuelle Einf\u00fchrung in unser sch\u00f6nes Unternehmen an.<\/p>\n<\/div>\n<\/div>\n<\/div><div class=\"container__background\" style=\"background-color:#ffffff;opacity:1\"><\/div><\/div>\n\n\n\n<div class=\"wp-block-kwoot-gutenbergblocks-container bgcolor-76bb22 hasbgcolor  is-style-alignbottom\"><div class=\"inner\">\n<div class=\"wp-block-columns has-2-columns is-layout-flex wp-container-core-columns-is-layout-9d6595d7 wp-block-columns-is-layout-flex\">\n<div class=\"wp-block-column is-layout-flow wp-block-column-is-layout-flow\">\n<figure class=\"wp-block-image size-medium is-style-pullup\"><img decoding=\"async\" width=\"267\" height=\"300\" src=\"https:\/\/www.mouwmaalderij.nl\/de\/\/wp-content\/uploads\/2019\/11\/Gerlant_Mouw_vrijstaand-267x300.png\" alt=\"\" class=\"wp-image-222\" srcset=\"https:\/\/www.mouwmaalderij.nl\/\/wp-content\/uploads\/sites\/4\/2019\/11\/Gerlant_Mouw_vrijstaand-267x300.png 267w, https:\/\/www.mouwmaalderij.nl\/\/wp-content\/uploads\/sites\/4\/2019\/11\/Gerlant_Mouw_vrijstaand-768x862.png 768w, https:\/\/www.mouwmaalderij.nl\/\/wp-content\/uploads\/sites\/4\/2019\/11\/Gerlant_Mouw_vrijstaand.png 802w\" sizes=\"(max-width: 267px) 100vw, 267px\" \/><\/figure>\n<\/div>\n\n\n\n<div class=\"wp-block-column is-layout-flow wp-block-column-is-layout-flow\">\n<h2 class=\"wp-block-heading\">\u201eIch bin mit Kr\u00e4utern und Gew\u00fcrzen aufgewachsen. Die Produkte haben einen hohen Wiedererkennungswert und sind greifbar, das macht die Arbeit mit ihnen so angenehm.\u201c<\/h2>\n\n\n\n<p><\/p>\n\n\n\n<div class=\"wp-block-columns has-2-columns is-layout-flex wp-container-core-columns-is-layout-9d6595d7 wp-block-columns-is-layout-flex\">\n<div class=\"wp-block-column is-layout-flow wp-block-column-is-layout-flow\">\n<p>Gerlant Mouw<\/p>\n<\/div>\n\n\n\n<div class=\"wp-block-column is-layout-flow wp-block-column-is-layout-flow\">\n<div class=\"wp-block-button\"><a class=\"wp-block-button__link wp-element-button\" href=\"https:\/\/www.mouwmaalderij.nl\/de\/kontakt\/\">Wir sind f\u00fcr Sie da<\/a><\/div>\n<\/div>\n<\/div>\n<\/div>\n<\/div>\n<\/div><div class=\"container__background\" style=\"background-color:#76bb22;opacity:1\"><\/div><\/div>\n\n\n\n<div class=\"wp-block-kwoot-gutenbergblocks-container bgcolor-ffffff hasbgcolor  is-style-imageleftnomargin\"><div class=\"inner\">\n<div class=\"wp-block-columns has-2-columns is-layout-flex wp-container-core-columns-is-layout-9d6595d7 wp-block-columns-is-layout-flex\">\n<div class=\"wp-block-column is-layout-flow wp-block-column-is-layout-flow\">\n<figure class=\"wp-block-image size-large\"><img decoding=\"async\" width=\"1024\" height=\"683\" src=\"https:\/\/www.mouwmaalderij.nl\/\/wp-content\/uploads\/sites\/4\/2019\/11\/MOUW-4977-bewerkt_2-1024x683.jpg\" alt=\"\" class=\"wp-image-238\" srcset=\"https:\/\/www.mouwmaalderij.nl\/\/wp-content\/uploads\/sites\/4\/2019\/11\/MOUW-4977-bewerkt_2-1024x683.jpg 1024w, https:\/\/www.mouwmaalderij.nl\/\/wp-content\/uploads\/sites\/4\/2019\/11\/MOUW-4977-bewerkt_2-300x200.jpg 300w, https:\/\/www.mouwmaalderij.nl\/\/wp-content\/uploads\/sites\/4\/2019\/11\/MOUW-4977-bewerkt_2-768x512.jpg 768w, https:\/\/www.mouwmaalderij.nl\/\/wp-content\/uploads\/sites\/4\/2019\/11\/MOUW-4977-bewerkt_2-1536x1025.jpg 1536w, https:\/\/www.mouwmaalderij.nl\/\/wp-content\/uploads\/sites\/4\/2019\/11\/MOUW-4977-bewerkt_2-2048x1366.jpg 2048w\" sizes=\"(max-width: 1024px) 100vw, 1024px\" \/><\/figure>\n<\/div>\n\n\n\n<div class=\"wp-block-column is-layout-flow wp-block-column-is-layout-flow\">\n<h2 class=\"has-text-align-left wp-block-heading\">Arbeiten bei Mouw Maalderij<\/h2>\n\n\n\n<p>Sie suchen eine berufliche Herausforderung in einem traditionellen und wachsenden Unternehmen? Sie m\u00f6chten bei der Bearbeitung von Kr\u00e4utern und Gew\u00fcrzen mit Ihrer Arbeit den Unterschied machen? Bei Mouw Maalderij sind regelm\u00e4\u00dfig attraktive Stellen zu besetzen.<\/p>\n\n\n\n<div class=\"wp-block-button\"><a class=\"wp-block-button__link wp-element-button\" href=\"https:\/\/www.mouwmaalderij.nl\/de\/arbeiten-bei-mouw-maalderij\/\">Zu den freien Stellen<\/a><\/div>\n<\/div>\n<\/div>\n<\/div><div class=\"container__background\" style=\"background-color:#ffffff;opacity:1\"><\/div><\/div>\n\n\n\n<p><\/p>\n","protected":false},"excerpt":{"rendered":"","protected":false},"author":1,"featured_media":0,"parent":0,"menu_order":0,"comment_status":"closed","ping_status":"closed","template":"","meta":{"_acf_changed":false,"footnotes":""},"class_list":["post-7","page","type-page","status-publish","hentry"],"acf":[],"yoast_head":"<!-- This site is optimized with the Yoast SEO plugin v27.3 - https:\/\/yoast.com\/product\/yoast-seo-wordpress\/ -->\n<title>Master in spices - Mouw Maalderij (DE)<\/title>\n<meta name=\"robots\" content=\"index, follow, max-snippet:-1, max-image-preview:large, max-video-preview:-1\" \/>\n<link rel=\"canonical\" href=\"https:\/\/www.mouwmaalderij.nl\/de\/\" \/>\n<meta property=\"og:locale\" content=\"de_DE\" \/>\n<meta property=\"og:type\" content=\"article\" \/>\n<meta property=\"og:title\" content=\"Master in spices - Mouw Maalderij (DE)\" \/>\n<meta property=\"og:url\" content=\"https:\/\/www.mouwmaalderij.nl\/de\/\" \/>\n<meta property=\"og:site_name\" content=\"Mouw Maalderij (DE)\" \/>\n<meta property=\"article:modified_time\" content=\"2022-11-09T14:21:03+00:00\" \/>\n<meta property=\"og:image\" content=\"https:\/\/www.mouwmaalderij.nl\/de\/wp-content\/uploads\/2019\/11\/MOUW-5045-1024x683.jpg\" \/>\n<meta name=\"twitter:card\" content=\"summary_large_image\" \/>\n<meta name=\"twitter:label1\" content=\"Gesch\u00e4tzte Lesezeit\" \/>\n\t<meta name=\"twitter:data1\" content=\"2\u00a0Minuten\" \/>\n<script type=\"application\/ld+json\" class=\"yoast-schema-graph\">{\"@context\":\"https:\\\/\\\/schema.org\",\"@graph\":[{\"@type\":\"WebPage\",\"@id\":\"https:\\\/\\\/www.mouwmaalderij.nl\\\/de\\\/\",\"url\":\"https:\\\/\\\/www.mouwmaalderij.nl\\\/de\\\/\",\"name\":\"Master in spices - Mouw Maalderij (DE)\",\"isPartOf\":{\"@id\":\"https:\\\/\\\/www.mouwmaalderij.nl\\\/de\\\/#website\"},\"primaryImageOfPage\":{\"@id\":\"https:\\\/\\\/www.mouwmaalderij.nl\\\/de\\\/#primaryimage\"},\"image\":{\"@id\":\"https:\\\/\\\/www.mouwmaalderij.nl\\\/de\\\/#primaryimage\"},\"thumbnailUrl\":\"https:\\\/\\\/www.mouwmaalderij.nl\\\/de\\\/wp-content\\\/uploads\\\/2019\\\/11\\\/MOUW-5045-1024x683.jpg\",\"datePublished\":\"2019-07-10T13:04:05+00:00\",\"dateModified\":\"2022-11-09T14:21:03+00:00\",\"breadcrumb\":{\"@id\":\"https:\\\/\\\/www.mouwmaalderij.nl\\\/de\\\/#breadcrumb\"},\"inLanguage\":\"de\",\"potentialAction\":[{\"@type\":\"ReadAction\",\"target\":[\"https:\\\/\\\/www.mouwmaalderij.nl\\\/de\\\/\"]}]},{\"@type\":\"ImageObject\",\"inLanguage\":\"de\",\"@id\":\"https:\\\/\\\/www.mouwmaalderij.nl\\\/de\\\/#primaryimage\",\"url\":\"https:\\\/\\\/www.mouwmaalderij.nl\\\/de\\\/wp-content\\\/uploads\\\/2019\\\/11\\\/MOUW-5045-1024x683.jpg\",\"contentUrl\":\"https:\\\/\\\/www.mouwmaalderij.nl\\\/de\\\/wp-content\\\/uploads\\\/2019\\\/11\\\/MOUW-5045-1024x683.jpg\"},{\"@type\":\"BreadcrumbList\",\"@id\":\"https:\\\/\\\/www.mouwmaalderij.nl\\\/de\\\/#breadcrumb\",\"itemListElement\":[{\"@type\":\"ListItem\",\"position\":1,\"name\":\"Home\",\"item\":\"https:\\\/\\\/www.mouwmaalderij.nl\\\/de\\\/\"},{\"@type\":\"ListItem\",\"position\":2,\"name\":\"Master in spices\"}]},{\"@type\":\"WebSite\",\"@id\":\"https:\\\/\\\/www.mouwmaalderij.nl\\\/de\\\/#website\",\"url\":\"https:\\\/\\\/www.mouwmaalderij.nl\\\/de\\\/\",\"name\":\"Mouw Maalderij (DE)\",\"description\":\"\",\"potentialAction\":[{\"@type\":\"SearchAction\",\"target\":{\"@type\":\"EntryPoint\",\"urlTemplate\":\"https:\\\/\\\/www.mouwmaalderij.nl\\\/de\\\/?s={search_term_string}\"},\"query-input\":{\"@type\":\"PropertyValueSpecification\",\"valueRequired\":true,\"valueName\":\"search_term_string\"}}],\"inLanguage\":\"de\"}]}<\/script>\n<!-- \/ Yoast SEO plugin. -->","yoast_head_json":{"title":"Master in spices - Mouw Maalderij (DE)","robots":{"index":"index","follow":"follow","max-snippet":"max-snippet:-1","max-image-preview":"max-image-preview:large","max-video-preview":"max-video-preview:-1"},"canonical":"https:\/\/www.mouwmaalderij.nl\/de\/","og_locale":"de_DE","og_type":"article","og_title":"Master in spices - Mouw Maalderij (DE)","og_url":"https:\/\/www.mouwmaalderij.nl\/de\/","og_site_name":"Mouw Maalderij (DE)","article_modified_time":"2022-11-09T14:21:03+00:00","og_image":[{"url":"https:\/\/www.mouwmaalderij.nl\/de\/wp-content\/uploads\/2019\/11\/MOUW-5045-1024x683.jpg","type":"","width":"","height":""}],"twitter_card":"summary_large_image","twitter_misc":{"Gesch\u00e4tzte Lesezeit":"2\u00a0Minuten"},"schema":{"@context":"https:\/\/schema.org","@graph":[{"@type":"WebPage","@id":"https:\/\/www.mouwmaalderij.nl\/de\/","url":"https:\/\/www.mouwmaalderij.nl\/de\/","name":"Master in spices - Mouw Maalderij (DE)","isPartOf":{"@id":"https:\/\/www.mouwmaalderij.nl\/de\/#website"},"primaryImageOfPage":{"@id":"https:\/\/www.mouwmaalderij.nl\/de\/#primaryimage"},"image":{"@id":"https:\/\/www.mouwmaalderij.nl\/de\/#primaryimage"},"thumbnailUrl":"https:\/\/www.mouwmaalderij.nl\/de\/wp-content\/uploads\/2019\/11\/MOUW-5045-1024x683.jpg","datePublished":"2019-07-10T13:04:05+00:00","dateModified":"2022-11-09T14:21:03+00:00","breadcrumb":{"@id":"https:\/\/www.mouwmaalderij.nl\/de\/#breadcrumb"},"inLanguage":"de","potentialAction":[{"@type":"ReadAction","target":["https:\/\/www.mouwmaalderij.nl\/de\/"]}]},{"@type":"ImageObject","inLanguage":"de","@id":"https:\/\/www.mouwmaalderij.nl\/de\/#primaryimage","url":"https:\/\/www.mouwmaalderij.nl\/de\/wp-content\/uploads\/2019\/11\/MOUW-5045-1024x683.jpg","contentUrl":"https:\/\/www.mouwmaalderij.nl\/de\/wp-content\/uploads\/2019\/11\/MOUW-5045-1024x683.jpg"},{"@type":"BreadcrumbList","@id":"https:\/\/www.mouwmaalderij.nl\/de\/#breadcrumb","itemListElement":[{"@type":"ListItem","position":1,"name":"Home","item":"https:\/\/www.mouwmaalderij.nl\/de\/"},{"@type":"ListItem","position":2,"name":"Master in spices"}]},{"@type":"WebSite","@id":"https:\/\/www.mouwmaalderij.nl\/de\/#website","url":"https:\/\/www.mouwmaalderij.nl\/de\/","name":"Mouw Maalderij (DE)","description":"","potentialAction":[{"@type":"SearchAction","target":{"@type":"EntryPoint","urlTemplate":"https:\/\/www.mouwmaalderij.nl\/de\/?s={search_term_string}"},"query-input":{"@type":"PropertyValueSpecification","valueRequired":true,"valueName":"search_term_string"}}],"inLanguage":"de"}]}},"_links":{"self":[{"href":"https:\/\/www.mouwmaalderij.nl\/de\/wp-json\/wp\/v2\/pages\/7","targetHints":{"allow":["GET"]}}],"collection":[{"href":"https:\/\/www.mouwmaalderij.nl\/de\/wp-json\/wp\/v2\/pages"}],"about":[{"href":"https:\/\/www.mouwmaalderij.nl\/de\/wp-json\/wp\/v2\/types\/page"}],"author":[{"embeddable":true,"href":"https:\/\/www.mouwmaalderij.nl\/de\/wp-json\/wp\/v2\/users\/1"}],"replies":[{"embeddable":true,"href":"https:\/\/www.mouwmaalderij.nl\/de\/wp-json\/wp\/v2\/comments?post=7"}],"version-history":[{"count":101,"href":"https:\/\/www.mouwmaalderij.nl\/de\/wp-json\/wp\/v2\/pages\/7\/revisions"}],"predecessor-version":[{"id":539,"href":"https:\/\/www.mouwmaalderij.nl\/de\/wp-json\/wp\/v2\/pages\/7\/revisions\/539"}],"wp:attachment":[{"href":"https:\/\/www.mouwmaalderij.nl\/de\/wp-json\/wp\/v2\/media?parent=7"}],"curies":[{"name":"wp","href":"https:\/\/api.w.org\/{rel}","templated":true}]}}