{"id":17,"date":"2019-07-10T13:06:22","date_gmt":"2019-07-10T13:06:22","guid":{"rendered":"https:\/\/www.mouwmaalderij.nl\/de\/?page_id=17"},"modified":"2020-02-14T14:40:12","modified_gmt":"2020-02-14T13:40:12","slug":"arbeiten-bei-mouw-maalderij","status":"publish","type":"page","link":"https:\/\/www.mouwmaalderij.nl\/de\/arbeiten-bei-mouw-maalderij\/","title":{"rendered":"Arbeiten bei Mouw Maalderij"},"content":{"rendered":"\n<div class=\"wp-block-columns has-2-columns is-style-twocolumnsgridlayout is-layout-flex wp-container-core-columns-is-layout-9d6595d7 wp-block-columns-is-layout-flex\">\n<div class=\"wp-block-column is-layout-flow wp-block-column-is-layout-flow\">\n<p>Sie suchen eine berufliche Herausforderung in einem traditionellen und wachsenden Unternehmen? Sie m\u00f6chten bei der Bearbeitung von Kr\u00e4utern und Gew\u00fcrzen mit Ihrer Arbeit den Unterschied machen? Sie w\u00fcnschen sich ein Team, das sie unterst\u00fctzt, in dem Sie aber auch Verantwortung \u00fcbernehmen k\u00f6nnen?<\/p>\n\n\n\n<p>Bei Mouw Maalderij sind attraktive Stellen zu besetzen, die f\u00fcr Ihre F\u00e4higkeiten vielleicht genau die richtigen sind. Schauen Sie einfach regelm\u00e4\u00dfig auf unserer Website vorbei oder folgen Sie uns in den sozialen Medien. Vielleicht sprechen wir uns schon bald!<\/p>\n\n\n\t<div class=\"vacancyteasers\">\n\t\t\t<div class=\"vacancyteaser\">\n\t\t\t<h2 class=\"vacancyteaser__title\">Produktionsmitarbeiter (m\/w)<\/h2>\n\t\t\t<div class=\"vacancyteaser__description\">Mouw Maalderij BV ist ein Familienunternehmen, das auf die Bearbeitung von Gew\u00fcrzen und getrockneten Kr\u00e4utern spezialisiert ist. An unserem Produktionsstandort im niederl\u00e4ndischen Harderwijk bearbeiten wir tagt\u00e4glich eine Vielfalt an Produkten aus allen Teilen der Welt. Von hier aus gehen sie dann zu Verbrauchern in ganz Europa.  Aufgrund der Erweiterung&hellip; <a href=\"https:\/\/www.mouwmaalderij.nl\/de\/vacatures\/produktionsmitarbeiter\/\" class=\"read-more\">Read More<\/a><\/div>\n\t\t\t<a href=\"https:\/\/www.mouwmaalderij.nl\/de\/vacatures\/produktionsmitarbeiter\/\" class=\"vacancyteaser__readmore\">Stellenangebot zeigen<\/a>\n\t\t<\/div>\n\t\t<\/div>\n\n<\/div>\n\n\n\n<div class=\"wp-block-column is-layout-flow wp-block-column-is-layout-flow\">\n<div class=\"wp-block-kwoot-gutenbergblocks-container bgcolor-76bb22 hasbgcolor\"><div class=\"inner\">\n<figure class=\"wp-block-image size-large\"><img decoding=\"async\" width=\"1024\" height=\"683\" src=\"https:\/\/www.mouwmaalderij.nl\/de\/wp-content\/uploads\/2019\/11\/MOUW-5047-1024x683.jpg\" alt=\"\" class=\"wp-image-240\" srcset=\"https:\/\/www.mouwmaalderij.nl\/\/wp-content\/uploads\/sites\/4\/2019\/11\/MOUW-5047-1024x683.jpg 1024w, https:\/\/www.mouwmaalderij.nl\/\/wp-content\/uploads\/sites\/4\/2019\/11\/MOUW-5047-300x200.jpg 300w, https:\/\/www.mouwmaalderij.nl\/\/wp-content\/uploads\/sites\/4\/2019\/11\/MOUW-5047-768x512.jpg 768w, https:\/\/www.mouwmaalderij.nl\/\/wp-content\/uploads\/sites\/4\/2019\/11\/MOUW-5047-1536x1024.jpg 1536w, https:\/\/www.mouwmaalderij.nl\/\/wp-content\/uploads\/sites\/4\/2019\/11\/MOUW-5047-2048x1365.jpg 2048w\" sizes=\"(max-width: 1024px) 100vw, 1024px\" \/><\/figure>\n\n\n\n<h2 class=\"wp-block-heading\">Fachkompetenz und Flexibilit\u00e4t durch mehr als 40 Jahre Erfahrung<\/h2>\n\n\n\n<p>Mouw Maalderij ist ein unabh\u00e4ngiges Familienunternehmen mit mehr als vierzig Jahren Erfahrung in der Verarbeitung von Gew\u00fcrzen und Kr\u00e4utern. Neben den erforderlichen Zertifizierungen zeichnen wir uns vor allem durch unsere Fachkmompetenz und Flexibilit\u00e4t bei vielen Maschinen aus. <\/p>\n\n\n\n<p><\/p>\n\n\n\n<div class=\"wp-block-button\"><a class=\"wp-block-button__link\" href=\"https:\/\/www.mouwmaalderij.nl\/de\/ueber-uns\/\">\u00dcber uns<\/a><\/div>\n<\/div><div class=\"container__background\" style=\"background-color:#76bb22;opacity:1\"><\/div><\/div>\n<\/div>\n<\/div>\n","protected":false},"excerpt":{"rendered":"<p>Sie suchen eine berufliche Herausforderung in einem traditionellen und wachsenden Unternehmen? Sie m\u00f6chten bei der Bearbeitung von Kr\u00e4utern und Gew\u00fcrzen mit Ihrer Arbeit den Unterschied machen? Sie w\u00fcnschen sich ein Team, das sie unterst\u00fctzt, in dem Sie aber auch Verantwortung \u00fcbernehmen k\u00f6nnen? Bei Mouw Maalderij sind attraktive Stellen zu besetzen, die f\u00fcr Ihre F\u00e4higkeiten vielleicht [&hellip;]<\/p>\n","protected":false},"author":1,"featured_media":0,"parent":0,"menu_order":0,"comment_status":"closed","ping_status":"closed","template":"","meta":{"_acf_changed":false,"footnotes":""},"class_list":["post-17","page","type-page","status-publish","hentry"],"acf":[],"yoast_head":"<!-- This site is optimized with the Yoast SEO plugin v27.3 - https:\/\/yoast.com\/product\/yoast-seo-wordpress\/ -->\n<title>Arbeiten bei Mouw Maalderij - Mouw Maalderij (DE)<\/title>\n<meta name=\"robots\" content=\"index, follow, max-snippet:-1, max-image-preview:large, max-video-preview:-1\" \/>\n<link rel=\"canonical\" href=\"https:\/\/www.mouwmaalderij.nl\/de\/arbeiten-bei-mouw-maalderij\/\" \/>\n<meta property=\"og:locale\" content=\"de_DE\" \/>\n<meta property=\"og:type\" content=\"article\" \/>\n<meta property=\"og:title\" content=\"Arbeiten bei Mouw Maalderij - Mouw Maalderij (DE)\" \/>\n<meta property=\"og:description\" content=\"Sie suchen eine berufliche Herausforderung in einem traditionellen und wachsenden Unternehmen? Sie m\u00f6chten bei der Bearbeitung von Kr\u00e4utern und Gew\u00fcrzen mit Ihrer Arbeit den Unterschied machen? Sie w\u00fcnschen sich ein Team, das sie unterst\u00fctzt, in dem Sie aber auch Verantwortung \u00fcbernehmen k\u00f6nnen? Bei Mouw Maalderij sind attraktive Stellen zu besetzen, die f\u00fcr Ihre F\u00e4higkeiten vielleicht [&hellip;]\" \/>\n<meta property=\"og:url\" content=\"https:\/\/www.mouwmaalderij.nl\/de\/arbeiten-bei-mouw-maalderij\/\" \/>\n<meta property=\"og:site_name\" content=\"Mouw Maalderij (DE)\" \/>\n<meta property=\"article:modified_time\" content=\"2020-02-14T13:40:12+00:00\" \/>\n<meta property=\"og:image\" content=\"https:\/\/www.mouwmaalderij.nl\/de\/wp-content\/uploads\/2019\/11\/MOUW-5047-1024x683.jpg\" \/>\n<meta name=\"twitter:card\" content=\"summary_large_image\" \/>\n<meta name=\"twitter:label1\" content=\"Gesch\u00e4tzte Lesezeit\" \/>\n\t<meta name=\"twitter:data1\" content=\"1\u00a0Minute\" \/>\n<script type=\"application\/ld+json\" class=\"yoast-schema-graph\">{\"@context\":\"https:\\\/\\\/schema.org\",\"@graph\":[{\"@type\":\"WebPage\",\"@id\":\"https:\\\/\\\/www.mouwmaalderij.nl\\\/de\\\/arbeiten-bei-mouw-maalderij\\\/\",\"url\":\"https:\\\/\\\/www.mouwmaalderij.nl\\\/de\\\/arbeiten-bei-mouw-maalderij\\\/\",\"name\":\"Arbeiten bei Mouw Maalderij - Mouw Maalderij (DE)\",\"isPartOf\":{\"@id\":\"https:\\\/\\\/www.mouwmaalderij.nl\\\/de\\\/#website\"},\"primaryImageOfPage\":{\"@id\":\"https:\\\/\\\/www.mouwmaalderij.nl\\\/de\\\/arbeiten-bei-mouw-maalderij\\\/#primaryimage\"},\"image\":{\"@id\":\"https:\\\/\\\/www.mouwmaalderij.nl\\\/de\\\/arbeiten-bei-mouw-maalderij\\\/#primaryimage\"},\"thumbnailUrl\":\"https:\\\/\\\/www.mouwmaalderij.nl\\\/de\\\/wp-content\\\/uploads\\\/2019\\\/11\\\/MOUW-5047-1024x683.jpg\",\"datePublished\":\"2019-07-10T13:06:22+00:00\",\"dateModified\":\"2020-02-14T13:40:12+00:00\",\"breadcrumb\":{\"@id\":\"https:\\\/\\\/www.mouwmaalderij.nl\\\/de\\\/arbeiten-bei-mouw-maalderij\\\/#breadcrumb\"},\"inLanguage\":\"de\",\"potentialAction\":[{\"@type\":\"ReadAction\",\"target\":[\"https:\\\/\\\/www.mouwmaalderij.nl\\\/de\\\/arbeiten-bei-mouw-maalderij\\\/\"]}]},{\"@type\":\"ImageObject\",\"inLanguage\":\"de\",\"@id\":\"https:\\\/\\\/www.mouwmaalderij.nl\\\/de\\\/arbeiten-bei-mouw-maalderij\\\/#primaryimage\",\"url\":\"https:\\\/\\\/www.mouwmaalderij.nl\\\/de\\\/wp-content\\\/uploads\\\/2019\\\/11\\\/MOUW-5047-1024x683.jpg\",\"contentUrl\":\"https:\\\/\\\/www.mouwmaalderij.nl\\\/de\\\/wp-content\\\/uploads\\\/2019\\\/11\\\/MOUW-5047-1024x683.jpg\"},{\"@type\":\"BreadcrumbList\",\"@id\":\"https:\\\/\\\/www.mouwmaalderij.nl\\\/de\\\/arbeiten-bei-mouw-maalderij\\\/#breadcrumb\",\"itemListElement\":[{\"@type\":\"ListItem\",\"position\":1,\"name\":\"Home\",\"item\":\"https:\\\/\\\/www.mouwmaalderij.nl\\\/de\\\/\"},{\"@type\":\"ListItem\",\"position\":2,\"name\":\"Arbeiten bei Mouw Maalderij\"}]},{\"@type\":\"WebSite\",\"@id\":\"https:\\\/\\\/www.mouwmaalderij.nl\\\/de\\\/#website\",\"url\":\"https:\\\/\\\/www.mouwmaalderij.nl\\\/de\\\/\",\"name\":\"Mouw Maalderij (DE)\",\"description\":\"\",\"potentialAction\":[{\"@type\":\"SearchAction\",\"target\":{\"@type\":\"EntryPoint\",\"urlTemplate\":\"https:\\\/\\\/www.mouwmaalderij.nl\\\/de\\\/?s={search_term_string}\"},\"query-input\":{\"@type\":\"PropertyValueSpecification\",\"valueRequired\":true,\"valueName\":\"search_term_string\"}}],\"inLanguage\":\"de\"}]}<\/script>\n<!-- \/ Yoast SEO plugin. -->","yoast_head_json":{"title":"Arbeiten bei Mouw Maalderij - Mouw Maalderij (DE)","robots":{"index":"index","follow":"follow","max-snippet":"max-snippet:-1","max-image-preview":"max-image-preview:large","max-video-preview":"max-video-preview:-1"},"canonical":"https:\/\/www.mouwmaalderij.nl\/de\/arbeiten-bei-mouw-maalderij\/","og_locale":"de_DE","og_type":"article","og_title":"Arbeiten bei Mouw Maalderij - Mouw Maalderij (DE)","og_description":"Sie suchen eine berufliche Herausforderung in einem traditionellen und wachsenden Unternehmen? Sie m\u00f6chten bei der Bearbeitung von Kr\u00e4utern und Gew\u00fcrzen mit Ihrer Arbeit den Unterschied machen? Sie w\u00fcnschen sich ein Team, das sie unterst\u00fctzt, in dem Sie aber auch Verantwortung \u00fcbernehmen k\u00f6nnen? Bei Mouw Maalderij sind attraktive Stellen zu besetzen, die f\u00fcr Ihre F\u00e4higkeiten vielleicht [&hellip;]","og_url":"https:\/\/www.mouwmaalderij.nl\/de\/arbeiten-bei-mouw-maalderij\/","og_site_name":"Mouw Maalderij (DE)","article_modified_time":"2020-02-14T13:40:12+00:00","og_image":[{"url":"https:\/\/www.mouwmaalderij.nl\/de\/wp-content\/uploads\/2019\/11\/MOUW-5047-1024x683.jpg","type":"","width":"","height":""}],"twitter_card":"summary_large_image","twitter_misc":{"Gesch\u00e4tzte Lesezeit":"1\u00a0Minute"},"schema":{"@context":"https:\/\/schema.org","@graph":[{"@type":"WebPage","@id":"https:\/\/www.mouwmaalderij.nl\/de\/arbeiten-bei-mouw-maalderij\/","url":"https:\/\/www.mouwmaalderij.nl\/de\/arbeiten-bei-mouw-maalderij\/","name":"Arbeiten bei Mouw Maalderij - Mouw Maalderij (DE)","isPartOf":{"@id":"https:\/\/www.mouwmaalderij.nl\/de\/#website"},"primaryImageOfPage":{"@id":"https:\/\/www.mouwmaalderij.nl\/de\/arbeiten-bei-mouw-maalderij\/#primaryimage"},"image":{"@id":"https:\/\/www.mouwmaalderij.nl\/de\/arbeiten-bei-mouw-maalderij\/#primaryimage"},"thumbnailUrl":"https:\/\/www.mouwmaalderij.nl\/de\/wp-content\/uploads\/2019\/11\/MOUW-5047-1024x683.jpg","datePublished":"2019-07-10T13:06:22+00:00","dateModified":"2020-02-14T13:40:12+00:00","breadcrumb":{"@id":"https:\/\/www.mouwmaalderij.nl\/de\/arbeiten-bei-mouw-maalderij\/#breadcrumb"},"inLanguage":"de","potentialAction":[{"@type":"ReadAction","target":["https:\/\/www.mouwmaalderij.nl\/de\/arbeiten-bei-mouw-maalderij\/"]}]},{"@type":"ImageObject","inLanguage":"de","@id":"https:\/\/www.mouwmaalderij.nl\/de\/arbeiten-bei-mouw-maalderij\/#primaryimage","url":"https:\/\/www.mouwmaalderij.nl\/de\/wp-content\/uploads\/2019\/11\/MOUW-5047-1024x683.jpg","contentUrl":"https:\/\/www.mouwmaalderij.nl\/de\/wp-content\/uploads\/2019\/11\/MOUW-5047-1024x683.jpg"},{"@type":"BreadcrumbList","@id":"https:\/\/www.mouwmaalderij.nl\/de\/arbeiten-bei-mouw-maalderij\/#breadcrumb","itemListElement":[{"@type":"ListItem","position":1,"name":"Home","item":"https:\/\/www.mouwmaalderij.nl\/de\/"},{"@type":"ListItem","position":2,"name":"Arbeiten bei Mouw Maalderij"}]},{"@type":"WebSite","@id":"https:\/\/www.mouwmaalderij.nl\/de\/#website","url":"https:\/\/www.mouwmaalderij.nl\/de\/","name":"Mouw Maalderij (DE)","description":"","potentialAction":[{"@type":"SearchAction","target":{"@type":"EntryPoint","urlTemplate":"https:\/\/www.mouwmaalderij.nl\/de\/?s={search_term_string}"},"query-input":{"@type":"PropertyValueSpecification","valueRequired":true,"valueName":"search_term_string"}}],"inLanguage":"de"}]}},"_links":{"self":[{"href":"https:\/\/www.mouwmaalderij.nl\/de\/wp-json\/wp\/v2\/pages\/17","targetHints":{"allow":["GET"]}}],"collection":[{"href":"https:\/\/www.mouwmaalderij.nl\/de\/wp-json\/wp\/v2\/pages"}],"about":[{"href":"https:\/\/www.mouwmaalderij.nl\/de\/wp-json\/wp\/v2\/types\/page"}],"author":[{"embeddable":true,"href":"https:\/\/www.mouwmaalderij.nl\/de\/wp-json\/wp\/v2\/users\/1"}],"replies":[{"embeddable":true,"href":"https:\/\/www.mouwmaalderij.nl\/de\/wp-json\/wp\/v2\/comments?post=17"}],"version-history":[{"count":16,"href":"https:\/\/www.mouwmaalderij.nl\/de\/wp-json\/wp\/v2\/pages\/17\/revisions"}],"predecessor-version":[{"id":485,"href":"https:\/\/www.mouwmaalderij.nl\/de\/wp-json\/wp\/v2\/pages\/17\/revisions\/485"}],"wp:attachment":[{"href":"https:\/\/www.mouwmaalderij.nl\/de\/wp-json\/wp\/v2\/media?parent=17"}],"curies":[{"name":"wp","href":"https:\/\/api.w.org\/{rel}","templated":true}]}}