{"id":15,"date":"2019-07-10T13:05:42","date_gmt":"2019-07-10T13:05:42","guid":{"rendered":"https:\/\/www.mouwmaalderij.nl\/de\/?page_id=15"},"modified":"2021-05-26T16:52:37","modified_gmt":"2021-05-26T14:52:37","slug":"ueber-uns","status":"publish","type":"page","link":"https:\/\/www.mouwmaalderij.nl\/de\/ueber-uns\/","title":{"rendered":"\u00dcber uns"},"content":{"rendered":"\n<div class=\"wp-block-columns has-2-columns is-style-twocolumnsgridlayout is-layout-flex wp-container-core-columns-is-layout-9d6595d7 wp-block-columns-is-layout-flex\">\n<div class=\"wp-block-column is-layout-flow wp-block-column-is-layout-flow\">\n<p>Mouw Maalderij ist ein unabh\u00e4ngiges Familienunternehmen mit \u00fcber 40&nbsp;Jahren Erfahrung mit der Bearbeitung von Kr\u00e4utern und Gew\u00fcrzen. Wir verf\u00fcgen \u00fcber alle erforderlichen Zertifizierungen und unterscheiden uns vor allem durch unsere Fachkompetenz und eine hohe Flexibilit\u00e4t durch viele Maschinen.<\/p>\n\n\n\n<h2 class=\"wp-block-heading\">Das sind Ihre \u201emasters in spices\u201c:<\/h2>\n\n\n\n<div style=\"height:20px\" aria-hidden=\"true\" class=\"wp-block-spacer\"><\/div>\n\n\n\n<figure class=\"wp-block-image size-large\"><img decoding=\"async\" src=\"blob:https:\/\/www.mouwmaalderij.nl\/cf1efd25-fef5-48b1-b602-253000ce2757\" alt=\"\"\/><\/figure>\n\n\n\t<div class=\"employees\">\n\t\t\t<div class=\"employee\">\n\t\t\t\t\t\t\t<img decoding=\"async\" class=\"employee__image\" src=\"https:\/\/www.mouwmaalderij.nl\/\/wp-content\/uploads\/sites\/4\/2019\/11\/Gerlant_Mouw-350x0-c-default.jpg\" \/>\n\t\t\t\t\t\t<h3 class=\"employee__name\">Gerlant Mouw<\/h3>\n\t\t\t<span class=\"employee__role\">Inhaber\/Gesch\u00e4ftsf\u00fchrer<\/span>\n\t\t\t<div class=\"employee__description\">\u201e2004 habe ich Mouw Maalderij von meinem Vater \u00fcbernommen. Es ist ein echter Familienbetrieb. Von klein auf war ich gerne dort und habe auch mitgearbeitet. Dank dieser Erfahrung kenne ich die Produkte und die Maschinen in und auswendig. Ich war auch beim Bau der Produktionslinien involviert und finde es nach wie vor spannend, Dinge auszut\u00fcfteln und auszuprobieren. Im Prinzip m\u00f6chte ich alle W\u00fcnsche, die die Kunden an uns herantragen, auch erf\u00fcllen k\u00f6nnen. Der Kernbereich der Aktivit\u00e4ten von Mouw hat sich im Lauf der Zeit von getrocknetem Gem\u00fcse auf Gew\u00fcrze verlagert &#8211; wundervolle Produkte, die neue Chancen er\u00f6ffnen. Auch dadurch konnte ich ein weiteres Wachstum f\u00fcr das Unternehmen realisieren und mehr internationale Kunden gewinnen. Die Herausforderung liegt f\u00fcr mich darin, unsere Kapazit\u00e4ten zu erweitern und innovative Produktm\u00f6glichkeiten zu entwickeln.\u201c <\/div>\n\t\t<\/div>\n\t\t\t<div class=\"employee\">\n\t\t\t\t\t\t\t<img decoding=\"async\" class=\"employee__image\" src=\"https:\/\/www.mouwmaalderij.nl\/\/wp-content\/uploads\/sites\/4\/2021\/05\/MOUW-5007-scaled-350x0-c-default-1-350x0-c-default.jpg\" \/>\n\t\t\t\t\t\t<h3 class=\"employee__name\">Bennie Bronkhorst<\/h3>\n\t\t\t<span class=\"employee__role\">Sales\/Einkauf<\/span>\n\t\t\t<div class=\"employee__description\">\u201eF\u00fcr Lieferanten bin ich h\u00e4ufig die erste Anlaufstelle. Ich arbeite seit 2016 bei Spicemasters. Die Herausforderung dabei liegt in den Interaktionen mit Lieferanten und Abnehmern in aller Welt und mit Mouw Maalderij. Immer geht es darum, dass eine Charge von Kr\u00e4utern oder Gew\u00fcrzen genau nach den Vorgaben bearbeitet und rechtzeitig geliefert wird. Das erfordert Flexibilit\u00e4t, aber durch eine enge Abstimmung mit den Kollegen und gute Kommunikation mit den Lieferanten gelingt es doch, die Kunden zufriedenzustellen. Unser Erfolgsgeheimnis ist unsere \u00fcberschaubare Gr\u00f6\u00dfe: Die Wege sind kurz und so ist gut zu \u00fcberblicken, was \u00fcberall im Betrieb vor sich geht. Das sorgt f\u00fcr eine engere Beziehung zu den Produkten und den Kunden.\u201c<\/div>\n\t\t<\/div>\n\t\t\t<div class=\"employee\">\n\t\t\t\t\t\t\t<img decoding=\"async\" class=\"employee__image\" src=\"https:\/\/www.mouwmaalderij.nl\/\/wp-content\/uploads\/sites\/4\/2021\/05\/Bernadet_IMG_6469-scaled-e1622040307312-350x0-c-default.jpg\" \/>\n\t\t\t\t\t\t<h3 class=\"employee__name\">Bernadet Lugtenburg<\/h3>\n\t\t\t<span class=\"employee__role\">Qualit\u00e4tsmanagement<\/span>\n\t\t\t<div class=\"employee__description\">\u201eAls Qualit\u00e4tsmanager sorge ich daf\u00fcr, dass unsere Produkte den Qualit\u00e4tsvorgaben entsprechen. Ich bin f\u00fcr die Kontrolle und den korrekten Ablauf des gesamten Prozesses verantwortlich, vom Einkauf der Grundstoffe bis zur Lieferung der Endprodukte an den Kunden. Au\u00dferdem achte ich auf die Sicherheit am Arbeitsplatz und k\u00fcmmere mich um die Einhaltung der jeweils geltenden Umwelt- und Nachhaltigkeitsvorschriften. F\u00fcr mich ist Qualit\u00e4t nicht nur ein Arbeitsbereich, sondern eine Einstellung.\u201c<\/div>\n\t\t<\/div>\n\t\t\t<div class=\"employee\">\n\t\t\t\t\t\t\t<img decoding=\"async\" class=\"employee__image\" src=\"https:\/\/www.mouwmaalderij.nl\/\/wp-content\/uploads\/sites\/4\/2019\/11\/MOUW-4995-scaled-350x0-c-default.jpg\" \/>\n\t\t\t\t\t\t<h3 class=\"employee__name\">Berry van de Brink<\/h3>\n\t\t\t<span class=\"employee__role\">Vorarbeiter\/Logistikplanung\/Lagerverwaltung<\/span>\n\t\t\t<div class=\"employee__description\">\u201eIch bin f\u00fcr die Steuerung unserer Maschinen verantwortlich. Bei meiner Arbeit geht es im Kern darum, die Kr\u00e4uter und Gew\u00fcrze f\u00fcr die richtige M\u00fchle einzuplanen und f\u00fcr eine ordnungsgem\u00e4\u00dfe, rechtzeitige und sichere Bearbeitung zu sorgen. Dabei bin ich nat\u00fcrlich st\u00e4ndig mit meinen Kollegen in Kontakt. Mit unseren acht verschiedenen Linien haben wir bei der Bearbeitung unterschiedlicher Chargen eine Vielzahl von M\u00f6glichkeiten. Ich bin jetzt seit vier Jahren bei Mouw und wei\u00df dadurch immer besser, wie lange eine Behandlung dauert und wie die Maschinen optimal darauf eingestellt werden k\u00f6nnen. Am wichtigsten ist aber immer die Qualit\u00e4t. So bin ich auch mitverantwortlich f\u00fcr Zwischenkontrollen auf Grobheit und Farbe und k\u00fcmmere mich um die Beprobung.\u201c<\/div>\n\t\t<\/div>\n\t\t\t<div class=\"employee\">\n\t\t\t\t\t\t\t<img decoding=\"async\" class=\"employee__image\" src=\"https:\/\/www.mouwmaalderij.nl\/\/wp-content\/uploads\/sites\/4\/2019\/11\/MOUW-5001-scaled-350x0-c-default.jpg\" \/>\n\t\t\t\t\t\t<h3 class=\"employee__name\">Bryan van Middendorp<\/h3>\n\t\t\t<span class=\"employee__role\">Vorarbeiter<\/span>\n\t\t\t<div class=\"employee__description\">\u201eIch bin bereits seit elf Jahren bei Mouw Maalderij, und das gerne. Zufriedenheit verschafft mit die Zusammenarbeit mit den Kollegen und vor allem die Arbeit an sich. Herausforderungen sehe ich haupts\u00e4chlich noch bei den Produkten. Auch wenn es immer um das gleiche Gew\u00fcrz geht, ist der Mahlvorgang bei jeder Charge wieder anders, und auch jedes Produkt ist anders. Unser Alleinstellungsmerkmal ist im Grunde unsere Fachkompetenz, die f\u00fcr die Bearbeitung der Gew\u00fcrze notwendig ist. F\u00fcr mich z\u00e4hlt Qualit\u00e4t und ich habe hier auch die Freiheit, meine Verantwortung und die Steuerung sinnvoll zu gestalten. Es motiviert mich, wenn ich gemeinsam mit unserem jungen und engagierten Team daf\u00fcr sorgen kann, dass nach den Anforderungen der Kunden gemahlen wird und am Ende genau das gew\u00fcnschte Produkt vorliegt.\u201c<\/div>\n\t\t<\/div>\n\t\t<\/div>\n<\/div>\n\n\n\n<div class=\"wp-block-column is-layout-flow wp-block-column-is-layout-flow\">\n<div class=\"wp-block-kwoot-gutenbergblocks-container bgcolor-76bb22 hasbgcolor\"><div class=\"inner\">\n<figure class=\"wp-block-image size-large\"><img decoding=\"async\" width=\"1024\" height=\"683\" src=\"https:\/\/www.mouwmaalderij.nl\/de\/wp-content\/uploads\/2019\/12\/Groepsfoto_IMG_4977-1024x683.jpg\" alt=\"\" class=\"wp-image-360\" srcset=\"https:\/\/www.mouwmaalderij.nl\/\/wp-content\/uploads\/sites\/4\/2019\/12\/Groepsfoto_IMG_4977-1024x683.jpg 1024w, https:\/\/www.mouwmaalderij.nl\/\/wp-content\/uploads\/sites\/4\/2019\/12\/Groepsfoto_IMG_4977-300x200.jpg 300w, https:\/\/www.mouwmaalderij.nl\/\/wp-content\/uploads\/sites\/4\/2019\/12\/Groepsfoto_IMG_4977-768x512.jpg 768w, https:\/\/www.mouwmaalderij.nl\/\/wp-content\/uploads\/sites\/4\/2019\/12\/Groepsfoto_IMG_4977-1536x1024.jpg 1536w, https:\/\/www.mouwmaalderij.nl\/\/wp-content\/uploads\/sites\/4\/2019\/12\/Groepsfoto_IMG_4977-2048x1365.jpg 2048w\" sizes=\"(max-width: 1024px) 100vw, 1024px\" \/><\/figure>\n\n\n\n<h2 class=\"wp-block-heading\">Arbeiten bei Mouw Maalderij<\/h2>\n\n\n\n<p>Sie suchen eine berufliche Herausforderung in einem traditionellen und wachsenden Unternehmen? Sie m\u00f6chten bei der Bearbeitung von Kr\u00e4utern und Gew\u00fcrzen mit Ihrer Arbeit den Unterschied machen? Bei Mouw Maalderij sind regelm\u00e4\u00dfig attraktive Stellen zu besetzen.<\/p>\n\n\n\n<p><\/p>\n\n\n\n<div class=\"wp-block-button\"><a class=\"wp-block-button__link\" href=\"https:\/\/www.mouwmaalderij.nl\/de\/arbeiten-bei-mouw-maalderij\/\">Zu den freien Stellen<\/a><\/div>\n<\/div><div class=\"container__background\" style=\"background-color:#76bb22;opacity:1\"><\/div><\/div>\n<\/div>\n<\/div>\n","protected":false},"excerpt":{"rendered":"<p>Mouw Maalderij ist ein unabh\u00e4ngiges Familienunternehmen mit \u00fcber 40&nbsp;Jahren Erfahrung mit der Bearbeitung von Kr\u00e4utern und Gew\u00fcrzen. Wir verf\u00fcgen \u00fcber alle erforderlichen Zertifizierungen und unterscheiden uns vor allem durch unsere Fachkompetenz und eine hohe Flexibilit\u00e4t durch viele Maschinen. Das sind Ihre \u201emasters in spices\u201c:<\/p>\n","protected":false},"author":1,"featured_media":0,"parent":0,"menu_order":0,"comment_status":"closed","ping_status":"closed","template":"","meta":{"_acf_changed":false,"footnotes":""},"class_list":["post-15","page","type-page","status-publish","hentry"],"acf":[],"yoast_head":"<!-- This site is optimized with the Yoast SEO plugin v27.3 - https:\/\/yoast.com\/product\/yoast-seo-wordpress\/ -->\n<title>\u00dcber uns - Mouw Maalderij (DE)<\/title>\n<meta name=\"robots\" content=\"index, follow, max-snippet:-1, max-image-preview:large, max-video-preview:-1\" \/>\n<link rel=\"canonical\" href=\"https:\/\/www.mouwmaalderij.nl\/de\/ueber-uns\/\" \/>\n<meta property=\"og:locale\" content=\"de_DE\" \/>\n<meta property=\"og:type\" content=\"article\" \/>\n<meta property=\"og:title\" content=\"\u00dcber uns - Mouw Maalderij (DE)\" \/>\n<meta property=\"og:description\" content=\"Mouw Maalderij ist ein unabh\u00e4ngiges Familienunternehmen mit \u00fcber 40&nbsp;Jahren Erfahrung mit der Bearbeitung von Kr\u00e4utern und Gew\u00fcrzen. Wir verf\u00fcgen \u00fcber alle erforderlichen Zertifizierungen und unterscheiden uns vor allem durch unsere Fachkompetenz und eine hohe Flexibilit\u00e4t durch viele Maschinen. Das sind Ihre \u201emasters in spices\u201c:\" \/>\n<meta property=\"og:url\" content=\"https:\/\/www.mouwmaalderij.nl\/de\/ueber-uns\/\" \/>\n<meta property=\"og:site_name\" content=\"Mouw Maalderij (DE)\" \/>\n<meta property=\"article:modified_time\" content=\"2021-05-26T14:52:37+00:00\" \/>\n<meta property=\"og:image\" content=\"\" \/>\n<meta name=\"twitter:card\" content=\"summary_large_image\" \/>\n<meta name=\"twitter:label1\" content=\"Gesch\u00e4tzte Lesezeit\" \/>\n\t<meta name=\"twitter:data1\" content=\"1\u00a0Minute\" \/>\n<script type=\"application\/ld+json\" class=\"yoast-schema-graph\">{\"@context\":\"https:\\\/\\\/schema.org\",\"@graph\":[{\"@type\":\"WebPage\",\"@id\":\"https:\\\/\\\/www.mouwmaalderij.nl\\\/de\\\/ueber-uns\\\/\",\"url\":\"https:\\\/\\\/www.mouwmaalderij.nl\\\/de\\\/ueber-uns\\\/\",\"name\":\"\u00dcber uns - Mouw Maalderij (DE)\",\"isPartOf\":{\"@id\":\"https:\\\/\\\/www.mouwmaalderij.nl\\\/de\\\/#website\"},\"primaryImageOfPage\":{\"@id\":\"https:\\\/\\\/www.mouwmaalderij.nl\\\/de\\\/ueber-uns\\\/#primaryimage\"},\"image\":{\"@id\":\"https:\\\/\\\/www.mouwmaalderij.nl\\\/de\\\/ueber-uns\\\/#primaryimage\"},\"thumbnailUrl\":\"https:\\\/\\\/www.mouwmaalderij.nl\\\/de\\\/wp-content\\\/uploads\\\/2019\\\/12\\\/Groepsfoto_IMG_4977-1024x683.jpg\",\"datePublished\":\"2019-07-10T13:05:42+00:00\",\"dateModified\":\"2021-05-26T14:52:37+00:00\",\"breadcrumb\":{\"@id\":\"https:\\\/\\\/www.mouwmaalderij.nl\\\/de\\\/ueber-uns\\\/#breadcrumb\"},\"inLanguage\":\"de\",\"potentialAction\":[{\"@type\":\"ReadAction\",\"target\":[\"https:\\\/\\\/www.mouwmaalderij.nl\\\/de\\\/ueber-uns\\\/\"]}]},{\"@type\":\"ImageObject\",\"inLanguage\":\"de\",\"@id\":\"https:\\\/\\\/www.mouwmaalderij.nl\\\/de\\\/ueber-uns\\\/#primaryimage\",\"url\":\"https:\\\/\\\/www.mouwmaalderij.nl\\\/de\\\/wp-content\\\/uploads\\\/2019\\\/12\\\/Groepsfoto_IMG_4977-1024x683.jpg\",\"contentUrl\":\"https:\\\/\\\/www.mouwmaalderij.nl\\\/de\\\/wp-content\\\/uploads\\\/2019\\\/12\\\/Groepsfoto_IMG_4977-1024x683.jpg\"},{\"@type\":\"BreadcrumbList\",\"@id\":\"https:\\\/\\\/www.mouwmaalderij.nl\\\/de\\\/ueber-uns\\\/#breadcrumb\",\"itemListElement\":[{\"@type\":\"ListItem\",\"position\":1,\"name\":\"Home\",\"item\":\"https:\\\/\\\/www.mouwmaalderij.nl\\\/de\\\/\"},{\"@type\":\"ListItem\",\"position\":2,\"name\":\"\u00dcber uns\"}]},{\"@type\":\"WebSite\",\"@id\":\"https:\\\/\\\/www.mouwmaalderij.nl\\\/de\\\/#website\",\"url\":\"https:\\\/\\\/www.mouwmaalderij.nl\\\/de\\\/\",\"name\":\"Mouw Maalderij (DE)\",\"description\":\"\",\"potentialAction\":[{\"@type\":\"SearchAction\",\"target\":{\"@type\":\"EntryPoint\",\"urlTemplate\":\"https:\\\/\\\/www.mouwmaalderij.nl\\\/de\\\/?s={search_term_string}\"},\"query-input\":{\"@type\":\"PropertyValueSpecification\",\"valueRequired\":true,\"valueName\":\"search_term_string\"}}],\"inLanguage\":\"de\"}]}<\/script>\n<!-- \/ Yoast SEO plugin. -->","yoast_head_json":{"title":"\u00dcber uns - Mouw Maalderij (DE)","robots":{"index":"index","follow":"follow","max-snippet":"max-snippet:-1","max-image-preview":"max-image-preview:large","max-video-preview":"max-video-preview:-1"},"canonical":"https:\/\/www.mouwmaalderij.nl\/de\/ueber-uns\/","og_locale":"de_DE","og_type":"article","og_title":"\u00dcber uns - Mouw Maalderij (DE)","og_description":"Mouw Maalderij ist ein unabh\u00e4ngiges Familienunternehmen mit \u00fcber 40&nbsp;Jahren Erfahrung mit der Bearbeitung von Kr\u00e4utern und Gew\u00fcrzen. Wir verf\u00fcgen \u00fcber alle erforderlichen Zertifizierungen und unterscheiden uns vor allem durch unsere Fachkompetenz und eine hohe Flexibilit\u00e4t durch viele Maschinen. Das sind Ihre \u201emasters in spices\u201c:","og_url":"https:\/\/www.mouwmaalderij.nl\/de\/ueber-uns\/","og_site_name":"Mouw Maalderij (DE)","article_modified_time":"2021-05-26T14:52:37+00:00","og_image":[{"url":"blob:https:\/\/www.mouwmaalderij.nl\/cf1efd25-fef5-48b1-b602-253000ce2757","type":"","width":"","height":""}],"twitter_card":"summary_large_image","twitter_misc":{"Gesch\u00e4tzte Lesezeit":"1\u00a0Minute"},"schema":{"@context":"https:\/\/schema.org","@graph":[{"@type":"WebPage","@id":"https:\/\/www.mouwmaalderij.nl\/de\/ueber-uns\/","url":"https:\/\/www.mouwmaalderij.nl\/de\/ueber-uns\/","name":"\u00dcber uns - Mouw Maalderij (DE)","isPartOf":{"@id":"https:\/\/www.mouwmaalderij.nl\/de\/#website"},"primaryImageOfPage":{"@id":"https:\/\/www.mouwmaalderij.nl\/de\/ueber-uns\/#primaryimage"},"image":{"@id":"https:\/\/www.mouwmaalderij.nl\/de\/ueber-uns\/#primaryimage"},"thumbnailUrl":"https:\/\/www.mouwmaalderij.nl\/de\/wp-content\/uploads\/2019\/12\/Groepsfoto_IMG_4977-1024x683.jpg","datePublished":"2019-07-10T13:05:42+00:00","dateModified":"2021-05-26T14:52:37+00:00","breadcrumb":{"@id":"https:\/\/www.mouwmaalderij.nl\/de\/ueber-uns\/#breadcrumb"},"inLanguage":"de","potentialAction":[{"@type":"ReadAction","target":["https:\/\/www.mouwmaalderij.nl\/de\/ueber-uns\/"]}]},{"@type":"ImageObject","inLanguage":"de","@id":"https:\/\/www.mouwmaalderij.nl\/de\/ueber-uns\/#primaryimage","url":"https:\/\/www.mouwmaalderij.nl\/de\/wp-content\/uploads\/2019\/12\/Groepsfoto_IMG_4977-1024x683.jpg","contentUrl":"https:\/\/www.mouwmaalderij.nl\/de\/wp-content\/uploads\/2019\/12\/Groepsfoto_IMG_4977-1024x683.jpg"},{"@type":"BreadcrumbList","@id":"https:\/\/www.mouwmaalderij.nl\/de\/ueber-uns\/#breadcrumb","itemListElement":[{"@type":"ListItem","position":1,"name":"Home","item":"https:\/\/www.mouwmaalderij.nl\/de\/"},{"@type":"ListItem","position":2,"name":"\u00dcber uns"}]},{"@type":"WebSite","@id":"https:\/\/www.mouwmaalderij.nl\/de\/#website","url":"https:\/\/www.mouwmaalderij.nl\/de\/","name":"Mouw Maalderij (DE)","description":"","potentialAction":[{"@type":"SearchAction","target":{"@type":"EntryPoint","urlTemplate":"https:\/\/www.mouwmaalderij.nl\/de\/?s={search_term_string}"},"query-input":{"@type":"PropertyValueSpecification","valueRequired":true,"valueName":"search_term_string"}}],"inLanguage":"de"}]}},"_links":{"self":[{"href":"https:\/\/www.mouwmaalderij.nl\/de\/wp-json\/wp\/v2\/pages\/15","targetHints":{"allow":["GET"]}}],"collection":[{"href":"https:\/\/www.mouwmaalderij.nl\/de\/wp-json\/wp\/v2\/pages"}],"about":[{"href":"https:\/\/www.mouwmaalderij.nl\/de\/wp-json\/wp\/v2\/types\/page"}],"author":[{"embeddable":true,"href":"https:\/\/www.mouwmaalderij.nl\/de\/wp-json\/wp\/v2\/users\/1"}],"replies":[{"embeddable":true,"href":"https:\/\/www.mouwmaalderij.nl\/de\/wp-json\/wp\/v2\/comments?post=15"}],"version-history":[{"count":44,"href":"https:\/\/www.mouwmaalderij.nl\/de\/wp-json\/wp\/v2\/pages\/15\/revisions"}],"predecessor-version":[{"id":522,"href":"https:\/\/www.mouwmaalderij.nl\/de\/wp-json\/wp\/v2\/pages\/15\/revisions\/522"}],"wp:attachment":[{"href":"https:\/\/www.mouwmaalderij.nl\/de\/wp-json\/wp\/v2\/media?parent=15"}],"curies":[{"name":"wp","href":"https:\/\/api.w.org\/{rel}","templated":true}]}}